{"id":1152,"date":"2020-04-14T13:46:45","date_gmt":"2020-04-14T13:46:45","guid":{"rendered":"http:\/\/usedomgalerie.com\/?page_id=1152"},"modified":"2026-03-05T14:23:45","modified_gmt":"2026-03-05T14:23:45","slug":"startseite-one","status":"publish","type":"page","link":"https:\/\/usedomgalerie.com\/","title":{"rendered":"Startseite-one"},"content":{"rendered":"<p>[et_pb_section fb_built=&#8220;1&#8243; fullwidth=&#8220;on&#8220; _builder_version=&#8220;4.16&#8243; background_color=&#8220;#ffffff&#8220; global_colors_info=&#8220;{}&#8220;][et_pb_fullwidth_post_title title=&#8220;off&#8220; meta=&#8220;off&#8220; featured_image=&#8220;off&#8220; _builder_version=&#8220;4.18.0&#8243; _module_preset=&#8220;default&#8220; global_colors_info=&#8220;{}&#8220;][\/et_pb_fullwidth_post_title][et_pb_fullwidth_image src=&#8220;https:\/\/usedomgalerie.com\/wp-content\/uploads\/2020\/04\/Flyer-12&#215;12-vorne-Logo.jpg&#8220; _builder_version=&#8220;4.18.0&#8243; width=&#8220;100%&#8220; max_width=&#8220;65%&#8220; max_width_tablet=&#8220;&#8220; max_width_phone=&#8220;&#8220; max_width_last_edited=&#8220;on|phone&#8220; module_alignment=&#8220;center&#8220; min_height=&#8220;308px&#8220; max_height=&#8220;1000px&#8220; box_shadow_style=&#8220;preset2&#8243; global_colors_info=&#8220;{}&#8220;][\/et_pb_fullwidth_image][et_pb_fullwidth_post_title title=&#8220;off&#8220; meta=&#8220;off&#8220; featured_image=&#8220;off&#8220; _builder_version=&#8220;4.16&#8243; global_colors_info=&#8220;{}&#8220;][\/et_pb_fullwidth_post_title][et_pb_fullwidth_post_title title=&#8220;off&#8220; meta=&#8220;off&#8220; featured_image=&#8220;off&#8220; _builder_version=&#8220;4.16&#8243; global_colors_info=&#8220;{}&#8220;][\/et_pb_fullwidth_post_title][\/et_pb_section][et_pb_section fb_built=&#8220;1&#8243; _builder_version=&#8220;4.18.0&#8243; _module_preset=&#8220;default&#8220; global_colors_info=&#8220;{}&#8220;][et_pb_row _builder_version=&#8220;4.18.0&#8243; _module_preset=&#8220;default&#8220; global_colors_info=&#8220;{}&#8220;][et_pb_column type=&#8220;4_4&#8243; _builder_version=&#8220;4.18.0&#8243; _module_preset=&#8220;default&#8220; global_colors_info=&#8220;{}&#8220;][et_pb_blurb title=&#8220;Matjes mit Blattgold&#8220; image=&#8220;https:\/\/usedomgalerie.com\/wp-content\/uploads\/2022\/12\/183c65ed-ace8-4e7c-83c8-6715b4a1e464.jpg&#8220; icon_placement_tablet=&#8220;&#8220; icon_placement_phone=&#8220;&#8220; icon_placement_last_edited=&#8220;on|desktop&#8220; image_icon_width_tablet=&#8220;&#8220; image_icon_width_phone=&#8220;&#8220; image_icon_width_last_edited=&#8220;on|phone&#8220; content_tablet=&#8220;<\/p>\n<p style=%22text-align: center;%22>\n<p style=%22text-align: center;%22>\n<p style=%22text-align: center;%22>Der neue Bildband \u00fcber die Insel Usedom im Format<\/p>\n<p style=%22text-align: center;%22>10cm x 10cm<\/p>\n<p style=%22text-align: center;%22>Bestellungen bitte an: <a href=%22mailto:Foto@RalfKlinkhammer.com%22>Foto@RalfKlinkhammer.com<\/a><\/p>\n<h2 style=%22text-align: center;%22>Preis: 14,95 Euro<\/h2>\n<h2 style=%22text-align: center;%22><\/h2>\n<p style=%22text-align: center;%22>\n<p style=%22text-align: center;%22>\n<p>&#8220; content_phone=&#8220;<\/p>\n<p style=%22text-align: center;%22>Der neue Bildband \u00fcber die Insel Usedom im Format<\/p>\n<p style=%22text-align: center;%22>10cm x 10cm<\/p>\n<p style=%22text-align: center;%22>Bestellungen bitte an: <a href=%22mailto:Foto@RalfKlinkhammer.com%22>Foto@RalfKlinkhammer.com<\/a><\/p>\n<h2 style=%22text-align: center;%22>Preis: 14,95 Euro<\/h2>\n<p style=%22text-align: center;%22>\n<p>&#8220; content_last_edited=&#8220;on|phone&#8220; _builder_version=&#8220;4.21.0&#8243; _module_preset=&#8220;default&#8220; header_text_color=&#8220;#E09900&#8243; header_font_size=&#8220;45px&#8220; background_color=&#8220;rgba(242,242,242,0.84)&#8220; image_icon_custom_margin=&#8220;40px||||false|false&#8220; image_icon_custom_margin_tablet=&#8220;40px||||false|false&#8220; image_icon_custom_margin_phone=&#8220;40px||||false|false&#8220; image_icon_custom_margin_last_edited=&#8220;on|desktop&#8220; text_orientation=&#8220;center&#8220; hover_enabled=&#8220;0&#8243; header_font_size_tablet=&#8220;45px&#8220; header_font_size_phone=&#8220;30px&#8220; header_font_size_last_edited=&#8220;on|phone&#8220; header_text_shadow_style=&#8220;preset2&#8243; box_shadow_style_image=&#8220;preset2&#8243; box_shadow_spread_image=&#8220;3px&#8220; global_colors_info=&#8220;{}&#8220; sticky_enabled=&#8220;0&#8243;]<\/p>\n<p style=\"text-align: center;\">Der neue Bildband \u00fcber die Insel Usedom im Format<\/p>\n<p style=\"text-align: center;\">10cm x 10cm<\/p>\n<p style=\"text-align: center;\">Bestellungen bitte an: <a href=\"mailto:Henry.Boehm@t-online.de\">Henry.Boehm@t-online.de<\/a><\/p>\n<h2 style=\"text-align: center;\">Preis: 14,95 Euro<\/h2>\n<p>&nbsp;<\/p>\n<p>[\/et_pb_blurb][\/et_pb_column][\/et_pb_row][et_pb_row _builder_version=&#8220;4.18.0&#8243; _module_preset=&#8220;default&#8220; global_colors_info=&#8220;{}&#8220;][et_pb_column type=&#8220;4_4&#8243; _builder_version=&#8220;4.18.0&#8243; _module_preset=&#8220;default&#8220; global_colors_info=&#8220;{}&#8220;][et_pb_blurb title=&#8220;Mann mit Glocke&#8220; image=&#8220;https:\/\/usedomgalerie.com\/wp-content\/uploads\/2023\/07\/IMG_6904-scaled.jpg&#8220; icon_placement_tablet=&#8220;&#8220; icon_placement_phone=&#8220;&#8220; icon_placement_last_edited=&#8220;on|desktop&#8220; image_icon_width_tablet=&#8220;&#8220; image_icon_width_phone=&#8220;&#8220; image_icon_width_last_edited=&#8220;on|phone&#8220; content_tablet=&#8220;<\/p>\n<p style=%22text-align: center;%22>\n<p style=%22text-align: center;%22>\n<p style=%22text-align: center;%22>Figur: 1. Auflage limitiert auf 100 St\u00fcck<\/p>\n<p style=%22text-align: center;%22>Material: Stahl   &#8211;   Sockel: Buchenholz   &#8211;   H\u00f6he: 30cm<\/p>\n<p style=%22text-align: center;%22>  Entwurf: Johanna Stallbaum<\/p>\n<p style=%22text-align: center;%22>Bestellungen bitte an: <a href=%22mailto:Foto@RalfKlinkhammer.com%22>Foto@RalfKlinkhammer.com<\/a><\/p>\n<h2 style=%22text-align: center;%22>Preis: 69,- Euro<\/h2>\n<\/p>\n<h2 style=%22text-align: center;%22><\/h2>\n<p style=%22text-align: center;%22>\n<p style=%22text-align: center;%22>\n<p>&#8220; content_phone=&#8220;<\/p>\n<p style=%22text-align: center;%22>\n<p style=%22text-align: center;%22 data-mce-fragment=%221%22>Figur:<\/p>\n<p style=%22text-align: center;%22 data-mce-fragment=%221%22>1. Auflage limitiert auf 100 St\u00fcck<\/p>\n<p style=%22text-align: center;%22 data-mce-fragment=%221%22>Material: Stahl &#8211; Sockel: Buchenholz <\/p>\n<p style=%22text-align: center;%22 data-mce-fragment=%221%22>H\u00f6he: 30cm<\/p>\n<p style=%22text-align: center;%22 data-mce-fragment=%221%22>Entwurf: Johanna Stallbaum<\/p>\n<p style=%22text-align: center;%22 data-mce-fragment=%221%22>Bestellungen bitte an: <a href=%22mailto:Foto@RalfKlinkhammer.com%22 data-mce-fragment=%221%22>Foto@RalfKlinkhammer.com<\/a><\/p>\n<h2 style=%22text-align: center;%22 data-mce-fragment=%221%22>Preis: 69,- Euro<\/h2>\n<\/p>\n<p style=%22text-align: center;%22>\n<p style=%22text-align: center;%22>&#8220; content_last_edited=&#8220;on|phone&#8220; _builder_version=&#8220;4.21.0&#8243; _module_preset=&#8220;default&#8220; header_text_color=&#8220;#E09900&#8243; header_font_size=&#8220;45px&#8220; background_color=&#8220;rgba(242,242,242,0.84)&#8220; image_icon_custom_margin=&#8220;40px||||false|false&#8220; image_icon_custom_margin_tablet=&#8220;40px||||false|false&#8220; image_icon_custom_margin_phone=&#8220;40px||||false|false&#8220; image_icon_custom_margin_last_edited=&#8220;on|desktop&#8220; text_orientation=&#8220;center&#8220; hover_enabled=&#8220;0&#8243; header_font_size_tablet=&#8220;45px&#8220; header_font_size_phone=&#8220;30px&#8220; header_font_size_last_edited=&#8220;on|phone&#8220; header_text_shadow_style=&#8220;preset2&#8243; box_shadow_style_image=&#8220;preset2&#8243; box_shadow_spread_image=&#8220;3px&#8220; global_colors_info=&#8220;{}&#8220; sticky_enabled=&#8220;0&#8243;]<\/p>\n<p style=\"text-align: center;\">Figur: 1. Auflage limitiert auf 100 St\u00fcck<\/p>\n<p style=\"text-align: center;\">Material: Stahl \u00a0 &#8211; \u00a0 Sockel: Buchenholz \u00a0 &#8211; \u00a0 H\u00f6he: 30cm<\/p>\n<p style=\"text-align: center;\">\u00a0 Entwurf: Johanna Stallbaum<\/p>\n<p style=\"text-align: center;\">Bestellungen bitte an: <a href=\"mailto:Henry.Boehm@t-online.de\">Henry.Boehm@t-online.de<\/a><\/p>\n<h2 style=\"text-align: center;\">Preis: 69,- Euro<\/h2>\n<p>&nbsp;<\/p>\n<p>[\/et_pb_blurb][\/et_pb_column][\/et_pb_row][\/et_pb_section][et_pb_section fb_built=&#8220;1&#8243; module_id=&#8220;uebermich&#8220; _builder_version=&#8220;4.16&#8243; custom_margin=&#8220;||200px|&#8220; global_colors_info=&#8220;{}&#8220;][\/et_pb_section][et_pb_section fb_built=&#8220;1&#8243; module_id=&#8220;uebermich&#8220; _builder_version=&#8220;4.16&#8243; custom_margin=&#8220;-178px||200px|||&#8220; global_colors_info=&#8220;{}&#8220;][et_pb_row _builder_version=&#8220;4.16&#8243; global_colors_info=&#8220;{}&#8220;][et_pb_column type=&#8220;4_4&#8243; _builder_version=&#8220;4.16&#8243; custom_padding=&#8220;|||&#8220; global_colors_info=&#8220;{}&#8220; custom_padding__hover=&#8220;|||&#8220;][et_pb_text admin_label=&#8220;\u00dcber uns&#8220; _builder_version=&#8220;4.16&#8243; text_font=&#8220;||||||||&#8220; text_font_size=&#8220;20px&#8220; text_line_height=&#8220;2em&#8220; header_font=&#8220;||||||||&#8220; header_2_font=&#8220;|700||on|||||&#8220; header_2_text_align=&#8220;center&#8220; header_2_font_size=&#8220;90px&#8220; header_2_line_height=&#8220;1.5em&#8220; text_orientation=&#8220;center&#8220; custom_margin=&#8220;100px||50px|&#8220; animation_style=&#8220;zoom&#8220; global_colors_info=&#8220;{}&#8220;]<\/p>\n<h3>Henry B\u00f6hm<\/h3>\n<p>&nbsp;<\/p>\n<p>[\/et_pb_text][\/et_pb_column][\/et_pb_row][et_pb_row column_structure=&#8220;1_2,1_2&#8243; _builder_version=&#8220;4.16&#8243; global_colors_info=&#8220;{}&#8220;][et_pb_column type=&#8220;1_2&#8243; _builder_version=&#8220;4.16&#8243; custom_padding=&#8220;|||&#8220; global_colors_info=&#8220;{}&#8220; custom_padding__hover=&#8220;|||&#8220;][et_pb_image src=&#8220;https:\/\/usedomgalerie.com\/wp-content\/uploads\/2022\/06\/6Q8A9228-scaled.jpg&#8220; force_fullwidth=&#8220;on&#8220; align_tablet=&#8220;center&#8220; align_phone=&#8220;&#8220; align_last_edited=&#8220;on|desktop&#8220; _builder_version=&#8220;4.16&#8243; animation_style=&#8220;slide&#8220; animation_direction=&#8220;left&#8220; box_shadow_style=&#8220;preset3&#8243; global_colors_info=&#8220;{}&#8220;][\/et_pb_image][\/et_pb_column][et_pb_column type=&#8220;1_2&#8243; _builder_version=&#8220;4.16&#8243; custom_padding=&#8220;|||&#8220; global_colors_info=&#8220;{}&#8220; custom_padding__hover=&#8220;|||&#8220;][et_pb_text _builder_version=&#8220;4.16&#8243; text_font_size=&#8220;20px&#8220; header_2_font=&#8220;|600||on|||||&#8220; header_2_font_size=&#8220;30px&#8220; animation_style=&#8220;slide&#8220; animation_direction=&#8220;right&#8220; global_colors_info=&#8220;{}&#8220;]<\/p>\n<h2>Henry B\u00f6hm<\/h2>\n<p>Mein Name ist Henry B\u00f6hm und ich bin in Heringsdorf geboren. Mit 14 hab ich meine erste Kamera gekauft und seitdem l\u00e4sst mich die Fotografie nicht mehr los . Vor einigen Jahren hab ich mein Hobby dann zum Beruf gemacht. W\u00e4hrend der letzten Jahre bin ich viel um die Welt gereist und habe viele Fotos in fernen L\u00e4ndern und fremden Kulturen gemacht. Wieder zu Hause fasziniert mich die Insel Usedom immer wieder mit ihrem traumhaften Licht und den unz\u00e4hligen Motiven. Dieses Jahr ging ein Traum in Erf\u00fcllung. Gemeinsam mit meinem Freund Ralf Klinkhammer aus Kerpen haben wir unsere Usedomgalerie Fotoart er\u00f6ffnet.<\/p>\n<p>Email: Henry.Boehm@t-online.de<\/p>\n<p>&nbsp;<\/p>\n<p>[\/et_pb_text][\/et_pb_column][\/et_pb_row][et_pb_row _builder_version=&#8220;4.16&#8243; global_colors_info=&#8220;{}&#8220;][et_pb_column type=&#8220;4_4&#8243; _builder_version=&#8220;4.16&#8243; custom_padding=&#8220;|||&#8220; global_colors_info=&#8220;{}&#8220; custom_padding__hover=&#8220;|||&#8220;][et_pb_social_media_follow url_new_window=&#8220;off&#8220; _builder_version=&#8220;4.16&#8243; text_orientation=&#8220;center&#8220; custom_padding=&#8220;50px|||&#8220; animation_style=&#8220;zoom&#8220; animation_intensity_zoom=&#8220;5%&#8220; global_colors_info=&#8220;{}&#8220;][et_pb_social_media_follow_network social_network=&#8220;facebook&#8220; url=&#8220;https:\/\/www.facebook.com\/henry.boehm1&#8243; _builder_version=&#8220;4.16&#8243; background_color=&#8220;#545454&#8243; global_colors_info=&#8220;{}&#8220; follow_button=&#8220;off&#8220; url_new_window=&#8220;off&#8220;]facebook[\/et_pb_social_media_follow_network][et_pb_social_media_follow_network social_network=&#8220;instagram&#8220; url=&#8220;https:\/\/instagram.com\/dasfotohenryboehm?igshid=1adkr9m2amgui&#8220; _builder_version=&#8220;4.16&#8243; background_color=&#8220;#545454&#8243; global_colors_info=&#8220;{}&#8220; follow_button=&#8220;off&#8220; url_new_window=&#8220;off&#8220;]instagram[\/et_pb_social_media_follow_network][\/et_pb_social_media_follow][\/et_pb_column][\/et_pb_row][\/et_pb_section][et_pb_section fb_built=&#8220;1&#8243; module_id=&#8220;kontakt&#8220; _builder_version=&#8220;4.16&#8243; background_image=&#8220;https:\/\/usedomgalerie.com\/wp-content\/uploads\/2020\/04\/blonde-629726_1920-1440.jpg&#8220; parallax=&#8220;on&#8220; parallax_method=&#8220;off&#8220; custom_margin=&#8220;|||&#8220; custom_padding=&#8220;150px||150px|&#8220; global_colors_info=&#8220;{}&#8220;][et_pb_row _builder_version=&#8220;4.16&#8243; custom_margin=&#8220;50px||0px|&#8220; global_colors_info=&#8220;{}&#8220;][et_pb_column type=&#8220;4_4&#8243; _builder_version=&#8220;4.16&#8243; custom_padding=&#8220;|||&#8220; global_colors_info=&#8220;{}&#8220; custom_padding__hover=&#8220;|||&#8220;][et_pb_text admin_label=&#8220;Kontakt&#8220; _builder_version=&#8220;4.16&#8243; header_font=&#8220;||||||||&#8220; header_2_font=&#8220;|700||on|||||&#8220; header_2_text_align=&#8220;center&#8220; header_2_text_color=&#8220;#ffffff&#8220; header_2_font_size=&#8220;100px&#8220; custom_margin=&#8220;80px||50px|&#8220; animation_style=&#8220;zoom&#8220; header_2_font_size_tablet=&#8220;&#8220; header_2_font_size_phone=&#8220;70px&#8220; header_2_font_size_last_edited=&#8220;on|desktop&#8220; global_colors_info=&#8220;{}&#8220;]<\/p>\n<h2>Kontakt<\/h2>\n<p>[\/et_pb_text][\/et_pb_column][\/et_pb_row][et_pb_row column_structure=&#8220;1_2,1_2&#8243; make_equal=&#8220;on&#8220; _builder_version=&#8220;4.16&#8243; background_color=&#8220;#303030&#8243; custom_margin=&#8220;0px|||&#8220; custom_padding=&#8220;50px|50px||50px&#8220; animation_style=&#8220;slide&#8220; animation_direction=&#8220;bottom&#8220; animation_intensity_slide=&#8220;4%&#8220; global_colors_info=&#8220;{}&#8220;][et_pb_column type=&#8220;1_2&#8243; _builder_version=&#8220;4.16&#8243; background_color=&#8220;#515151&#8243; custom_padding=&#8220;|||&#8220; global_colors_info=&#8220;{}&#8220; custom_padding__hover=&#8220;|||&#8220;][et_pb_blurb title=&#8220;Usedom Galerie Foto-Art&#8220; use_icon=&#8220;on&#8220; font_icon=&#8220;&#xe009;||divi||400&#8243; icon_color=&#8220;#ffffff&#8220; image_icon_width=&#8220;60px&#8220; _builder_version=&#8220;4.16&#8243; header_font=&#8220;|700|||||||&#8220; header_font_size=&#8220;30px&#8220; body_font=&#8220;||||||||&#8220; body_font_size=&#8220;20px&#8220; body_line_height=&#8220;1.6em&#8220; text_orientation=&#8220;center&#8220; background_layout=&#8220;dark&#8220; custom_padding=&#8220;20px|20px|20px|20px&#8220; hover_enabled=&#8220;0&#8243; icon_font_size=&#8220;60px&#8220; global_colors_info=&#8220;{}&#8220; sticky_enabled=&#8220;0&#8243;]<\/p>\n<p>Dellbr\u00fcckstr.1-4\u00a0\u00a0\u00a0\u00a0\u00a0 17424 Seebad Heringsdorf<\/p>\n<p>im Kurhotel visavis der Seebr\u00fccke Heringsdorf<\/p>\n<p>[\/et_pb_blurb][\/et_pb_column][et_pb_column type=&#8220;1_2&#8243; _builder_version=&#8220;4.16&#8243; background_color=&#8220;#515151&#8243; custom_padding=&#8220;|||&#8220; global_colors_info=&#8220;{}&#8220; custom_padding__hover=&#8220;|||&#8220;][et_pb_blurb title=&#8220;Digital&#8220; use_icon=&#8220;on&#8220; font_icon=&#8220;&#xe00e;||divi||400&#8243; icon_color=&#8220;#ffffff&#8220; image_icon_width=&#8220;60px&#8220; _builder_version=&#8220;4.16&#8243; header_font=&#8220;|700|||||||&#8220; header_font_size=&#8220;30px&#8220; body_font=&#8220;||||||||&#8220; body_font_size=&#8220;20px&#8220; body_line_height=&#8220;1.6em&#8220; text_orientation=&#8220;center&#8220; background_layout=&#8220;dark&#8220; custom_padding=&#8220;20px|20px|20px|20px&#8220; icon_font_size=&#8220;60px&#8220; global_colors_info=&#8220;{}&#8220;]<\/p>\n<p>www.Usedomgalerie.com<\/p>\n<p>[\/et_pb_blurb][\/et_pb_column][\/et_pb_row][et_pb_row admin_label=&#8220;Preistabelle&#8220; _builder_version=&#8220;4.16&#8243; background_color=&#8220;#303030&#8243; custom_padding=&#8220;|50px||50px&#8220; animation_style=&#8220;slide&#8220; animation_direction=&#8220;bottom&#8220; animation_intensity_slide=&#8220;5%&#8220; global_colors_info=&#8220;{}&#8220;][et_pb_column type=&#8220;4_4&#8243; _builder_version=&#8220;4.16&#8243; custom_padding=&#8220;|||&#8220; global_colors_info=&#8220;{}&#8220; custom_padding__hover=&#8220;|||&#8220;][et_pb_contact_form email=&#8220;Henry.Boehm@t-online.de&#8220; module_id=&#8220;et_pb_contact_form_0&#8243; _builder_version=&#8220;4.21.0&#8243; _unique_id=&#8220;5ea604c5-aa8c-4d3d-9294-498c2201ac79&#8243; form_field_background_color=&#8220;#515151&#8243; form_field_text_color=&#8220;#ffffff&#8220; form_field_font=&#8220;|600|||||||&#8220; custom_button=&#8220;on&#8220; button_text_color=&#8220;#ffffff&#8220; button_bg_color=&#8220;#000000&#8243; button_border_width=&#8220;0px&#8220; button_font=&#8220;|700||on|||||&#8220; custom_css_captcha_label=&#8220;color: #fff;||font-weight: bold;&#8220; form_background_color=&#8220;#515151&#8243; global_colors_info=&#8220;{}&#8220;][et_pb_contact_field field_id=&#8220;Name&#8220; field_title=&#8220;Name&#8220; fullwidth_field=&#8220;on&#8220; _builder_version=&#8220;4.16&#8243; form_field_text_color=&#8220;#ffffff&#8220; form_field_font=&#8220;|600||on|||||&#8220; form_field_text_align=&#8220;center&#8220; form_field_font_size=&#8220;20px&#8220; form_field_line_height=&#8220;2em&#8220; text_orientation=&#8220;center&#8220; global_colors_info=&#8220;{}&#8220; button_text_size__hover_enabled=&#8220;off&#8220; button_one_text_size__hover_enabled=&#8220;off&#8220; button_two_text_size__hover_enabled=&#8220;off&#8220; button_text_color__hover_enabled=&#8220;off&#8220; button_one_text_color__hover_enabled=&#8220;off&#8220; button_two_text_color__hover_enabled=&#8220;off&#8220; button_border_width__hover_enabled=&#8220;off&#8220; button_one_border_width__hover_enabled=&#8220;off&#8220; button_two_border_width__hover_enabled=&#8220;off&#8220; button_border_color__hover_enabled=&#8220;off&#8220; button_one_border_color__hover_enabled=&#8220;off&#8220; button_two_border_color__hover_enabled=&#8220;off&#8220; button_border_radius__hover_enabled=&#8220;off&#8220; button_one_border_radius__hover_enabled=&#8220;off&#8220; button_two_border_radius__hover_enabled=&#8220;off&#8220; button_letter_spacing__hover_enabled=&#8220;off&#8220; button_one_letter_spacing__hover_enabled=&#8220;off&#8220; button_two_letter_spacing__hover_enabled=&#8220;off&#8220; button_bg_color__hover_enabled=&#8220;off&#8220; button_one_bg_color__hover_enabled=&#8220;off&#8220; button_two_bg_color__hover_enabled=&#8220;off&#8220;][\/et_pb_contact_field][et_pb_contact_field field_id=&#8220;Email&#8220; field_title=&#8220;E-Mail-Adresse&#8220; field_type=&#8220;email&#8220; fullwidth_field=&#8220;on&#8220; _builder_version=&#8220;4.16&#8243; form_field_text_color=&#8220;#ffffff&#8220; form_field_font=&#8220;|600||on|||||&#8220; form_field_text_align=&#8220;center&#8220; form_field_font_size=&#8220;20px&#8220; form_field_line_height=&#8220;2em&#8220; text_orientation=&#8220;center&#8220; global_colors_info=&#8220;{}&#8220; button_text_size__hover_enabled=&#8220;off&#8220; button_one_text_size__hover_enabled=&#8220;off&#8220; button_two_text_size__hover_enabled=&#8220;off&#8220; button_text_color__hover_enabled=&#8220;off&#8220; button_one_text_color__hover_enabled=&#8220;off&#8220; button_two_text_color__hover_enabled=&#8220;off&#8220; button_border_width__hover_enabled=&#8220;off&#8220; button_one_border_width__hover_enabled=&#8220;off&#8220; button_two_border_width__hover_enabled=&#8220;off&#8220; button_border_color__hover_enabled=&#8220;off&#8220; button_one_border_color__hover_enabled=&#8220;off&#8220; button_two_border_color__hover_enabled=&#8220;off&#8220; button_border_radius__hover_enabled=&#8220;off&#8220; button_one_border_radius__hover_enabled=&#8220;off&#8220; button_two_border_radius__hover_enabled=&#8220;off&#8220; button_letter_spacing__hover_enabled=&#8220;off&#8220; button_one_letter_spacing__hover_enabled=&#8220;off&#8220; button_two_letter_spacing__hover_enabled=&#8220;off&#8220; button_bg_color__hover_enabled=&#8220;off&#8220; button_one_bg_color__hover_enabled=&#8220;off&#8220; button_two_bg_color__hover_enabled=&#8220;off&#8220;][\/et_pb_contact_field][et_pb_contact_field field_id=&#8220;Message&#8220; field_title=&#8220;Nachricht&#8220; field_type=&#8220;text&#8220; fullwidth_field=&#8220;on&#8220; _builder_version=&#8220;4.16&#8243; form_field_text_color=&#8220;#ffffff&#8220; form_field_font=&#8220;|600||on|||||&#8220; form_field_font_size=&#8220;20px&#8220; form_field_line_height=&#8220;2em&#8220; text_orientation=&#8220;center&#8220; global_colors_info=&#8220;{}&#8220; button_text_size__hover_enabled=&#8220;off&#8220; button_one_text_size__hover_enabled=&#8220;off&#8220; button_two_text_size__hover_enabled=&#8220;off&#8220; button_text_color__hover_enabled=&#8220;off&#8220; button_one_text_color__hover_enabled=&#8220;off&#8220; button_two_text_color__hover_enabled=&#8220;off&#8220; button_border_width__hover_enabled=&#8220;off&#8220; button_one_border_width__hover_enabled=&#8220;off&#8220; button_two_border_width__hover_enabled=&#8220;off&#8220; button_border_color__hover_enabled=&#8220;off&#8220; button_one_border_color__hover_enabled=&#8220;off&#8220; button_two_border_color__hover_enabled=&#8220;off&#8220; button_border_radius__hover_enabled=&#8220;off&#8220; button_one_border_radius__hover_enabled=&#8220;off&#8220; button_two_border_radius__hover_enabled=&#8220;off&#8220; button_letter_spacing__hover_enabled=&#8220;off&#8220; button_one_letter_spacing__hover_enabled=&#8220;off&#8220; button_two_letter_spacing__hover_enabled=&#8220;off&#8220; button_bg_color__hover_enabled=&#8220;off&#8220; button_one_bg_color__hover_enabled=&#8220;off&#8220; button_two_bg_color__hover_enabled=&#8220;off&#8220;][\/et_pb_contact_field][\/et_pb_contact_form][\/et_pb_column][\/et_pb_row][\/et_pb_section]<\/p>\n","protected":false},"excerpt":{"rendered":"<p>Der neue Bildband \u00fcber die Insel Usedom im Format 10cm x 10cm Bestellungen bitte an: Henry.Boehm@t-online.de Preis: 14,95 Euro &nbsp;Figur: 1. Auflage limitiert auf 100 St\u00fcck Material: Stahl \u00a0 &#8211; \u00a0 Sockel: Buchenholz \u00a0 &#8211; \u00a0 H\u00f6he: 30cm \u00a0 Entwurf: Johanna Stallbaum Bestellungen bitte an: Henry.Boehm@t-online.de Preis: 69,- Euro &nbsp;Henry B\u00f6hm &nbsp;Henry B\u00f6hm Mein Name [&hellip;]<\/p>\n","protected":false},"author":1,"featured_media":0,"parent":0,"menu_order":0,"comment_status":"closed","ping_status":"closed","template":"","meta":{"_et_pb_use_builder":"on","_et_pb_old_content":"","_et_gb_content_width":"","footnotes":""},"class_list":["post-1152","page","type-page","status-publish","hentry"],"_links":{"self":[{"href":"https:\/\/usedomgalerie.com\/index.php?rest_route=\/wp\/v2\/pages\/1152","targetHints":{"allow":["GET"]}}],"collection":[{"href":"https:\/\/usedomgalerie.com\/index.php?rest_route=\/wp\/v2\/pages"}],"about":[{"href":"https:\/\/usedomgalerie.com\/index.php?rest_route=\/wp\/v2\/types\/page"}],"author":[{"embeddable":true,"href":"https:\/\/usedomgalerie.com\/index.php?rest_route=\/wp\/v2\/users\/1"}],"replies":[{"embeddable":true,"href":"https:\/\/usedomgalerie.com\/index.php?rest_route=%2Fwp%2Fv2%2Fcomments&post=1152"}],"version-history":[{"count":78,"href":"https:\/\/usedomgalerie.com\/index.php?rest_route=\/wp\/v2\/pages\/1152\/revisions"}],"predecessor-version":[{"id":2448,"href":"https:\/\/usedomgalerie.com\/index.php?rest_route=\/wp\/v2\/pages\/1152\/revisions\/2448"}],"wp:attachment":[{"href":"https:\/\/usedomgalerie.com\/index.php?rest_route=%2Fwp%2Fv2%2Fmedia&parent=1152"}],"curies":[{"name":"wp","href":"https:\/\/api.w.org\/{rel}","templated":true}]}}