{"id":1181,"date":"2020-04-14T14:12:38","date_gmt":"2020-04-14T14:12:38","guid":{"rendered":"http:\/\/usedomgalerie.com\/?page_id=1181"},"modified":"2022-06-04T18:24:39","modified_gmt":"2022-06-04T18:24:39","slug":"galerie","status":"publish","type":"page","link":"https:\/\/usedomgalerie.com\/?page_id=1181","title":{"rendered":"Galerie"},"content":{"rendered":"<p>[et_pb_section fb_built=&#8220;1&#8243; _builder_version=&#8220;4.3.4&#8243;][et_pb_row _builder_version=&#8220;4.3.4&#8243; custom_margin=&#8220;|auto||447px||&#8220;][et_pb_column type=&#8220;4_4&#8243; _builder_version=&#8220;4.3.4&#8243;][et_pb_text _builder_version=&#8220;4.3.4&#8243;]<\/p>\n<p>Zum 1.6.2022 sind wir umgezogen. Das sch\u00f6ne ist, die Adresse \u00e4ndert sich nicht, da wir im gleichen Geb\u00e4ude bleiben.<\/p>\n<p>&nbsp;<\/p>\n<p>Usedom Galerie Foto-Art<\/p>\n<p>Dellbr\u00fcckstr.1-4<\/p>\n<p>17424 Seebad Heringsdorf<\/p>\n<p>visavis der Seebr\u00fccke Heringsdorf<\/p>\n<p>Hier ein paar Bildchen aus den neuen R\u00e4umen.<\/p>\n<p>[\/et_pb_text][\/et_pb_column][\/et_pb_row][\/et_pb_section][et_pb_section fb_built=&#8220;1&#8243; _builder_version=&#8220;4.3.4&#8243;][et_pb_row _builder_version=&#8220;4.3.4&#8243;][et_pb_column type=&#8220;4_4&#8243; _builder_version=&#8220;4.3.4&#8243;][et_pb_gallery gallery_ids=&#8220;2004,2009,1996,2002,2001,1997,2006,2000,2003,2005,1995,1999,2007,2008&#8243; posts_number=&#8220;14&#8243; show_pagination=&#8220;off&#8220; _builder_version=&#8220;4.3.4&#8243; hover_enabled=&#8220;0&#8243; box_shadow_style_image=&#8220;preset2&#8243;][\/et_pb_gallery][\/et_pb_column][\/et_pb_row][\/et_pb_section]<\/p>\n","protected":false},"excerpt":{"rendered":"<p>Zum 1.6.2022 sind wir umgezogen. Das sch\u00f6ne ist, die Adresse \u00e4ndert sich nicht, da wir im gleichen Geb\u00e4ude bleiben. &nbsp; Usedom Galerie Foto-Art Dellbr\u00fcckstr.1-4 17424 Seebad Heringsdorf visavis der Seebr\u00fccke Heringsdorf Hier ein paar Bildchen aus den neuen R\u00e4umen.<\/p>\n","protected":false},"author":1,"featured_media":0,"parent":0,"menu_order":0,"comment_status":"closed","ping_status":"closed","template":"","meta":{"_et_pb_use_builder":"on","_et_pb_old_content":"","_et_gb_content_width":"","footnotes":""},"class_list":["post-1181","page","type-page","status-publish","hentry"],"_links":{"self":[{"href":"https:\/\/usedomgalerie.com\/index.php?rest_route=\/wp\/v2\/pages\/1181","targetHints":{"allow":["GET"]}}],"collection":[{"href":"https:\/\/usedomgalerie.com\/index.php?rest_route=\/wp\/v2\/pages"}],"about":[{"href":"https:\/\/usedomgalerie.com\/index.php?rest_route=\/wp\/v2\/types\/page"}],"author":[{"embeddable":true,"href":"https:\/\/usedomgalerie.com\/index.php?rest_route=\/wp\/v2\/users\/1"}],"replies":[{"embeddable":true,"href":"https:\/\/usedomgalerie.com\/index.php?rest_route=%2Fwp%2Fv2%2Fcomments&post=1181"}],"version-history":[{"count":12,"href":"https:\/\/usedomgalerie.com\/index.php?rest_route=\/wp\/v2\/pages\/1181\/revisions"}],"predecessor-version":[{"id":2011,"href":"https:\/\/usedomgalerie.com\/index.php?rest_route=\/wp\/v2\/pages\/1181\/revisions\/2011"}],"wp:attachment":[{"href":"https:\/\/usedomgalerie.com\/index.php?rest_route=%2Fwp%2Fv2%2Fmedia&parent=1181"}],"curies":[{"name":"wp","href":"https:\/\/api.w.org\/{rel}","templated":true}]}}