{"id":1340,"date":"2020-06-04T16:13:02","date_gmt":"2020-06-04T16:13:02","guid":{"rendered":"http:\/\/usedomgalerie.com\/?page_id=1340"},"modified":"2022-06-08T16:43:18","modified_gmt":"2022-06-08T16:43:18","slug":"bildergalerien","status":"publish","type":"page","link":"https:\/\/usedomgalerie.com\/?page_id=1340","title":{"rendered":"Bildergalerien"},"content":{"rendered":"<p>[et_pb_section fb_built=&#8220;1&#8243; _builder_version=&#8220;4.3.4&#8243;][et_pb_row _builder_version=&#8220;4.3.4&#8243;][et_pb_column type=&#8220;4_4&#8243; _builder_version=&#8220;4.3.4&#8243;][et_pb_text _builder_version=&#8220;4.3.4&#8243; hover_enabled=&#8220;0&#8243;]<\/p>\n<p>In den Untermen\u00fcs finden Sie eine Auswahl unserer Bilder in der &#8222;Usedom Galerie Foto-Art&#8220; in Heringsdorf.<\/p>\n<p>Jedes Motiv ist in verschiedenen Gr\u00f6\u00dfen erh\u00e4ltlich.<\/p>\n<p>Wir drucken ihr Lieblingsmotiv auf edlem Textil im Alu Profilrahmen.<\/p>\n<p>&nbsp;<\/p>\n<p>&nbsp;<\/p>\n<p>[\/et_pb_text][\/et_pb_column][\/et_pb_row][\/et_pb_section]<\/p>\n","protected":false},"excerpt":{"rendered":"<p>In den Untermen\u00fcs finden Sie eine Auswahl unserer Bilder in der &#8222;Usedom Galerie Foto-Art&#8220; in Heringsdorf. Jedes Motiv ist in verschiedenen Gr\u00f6\u00dfen erh\u00e4ltlich. Wir drucken ihr Lieblingsmotiv auf edlem Textil im Alu Profilrahmen. &nbsp; &nbsp;<\/p>\n","protected":false},"author":1,"featured_media":0,"parent":0,"menu_order":0,"comment_status":"closed","ping_status":"closed","template":"","meta":{"_et_pb_use_builder":"on","_et_pb_old_content":"","_et_gb_content_width":"","footnotes":""},"class_list":["post-1340","page","type-page","status-publish","hentry"],"_links":{"self":[{"href":"https:\/\/usedomgalerie.com\/index.php?rest_route=\/wp\/v2\/pages\/1340","targetHints":{"allow":["GET"]}}],"collection":[{"href":"https:\/\/usedomgalerie.com\/index.php?rest_route=\/wp\/v2\/pages"}],"about":[{"href":"https:\/\/usedomgalerie.com\/index.php?rest_route=\/wp\/v2\/types\/page"}],"author":[{"embeddable":true,"href":"https:\/\/usedomgalerie.com\/index.php?rest_route=\/wp\/v2\/users\/1"}],"replies":[{"embeddable":true,"href":"https:\/\/usedomgalerie.com\/index.php?rest_route=%2Fwp%2Fv2%2Fcomments&post=1340"}],"version-history":[{"count":5,"href":"https:\/\/usedomgalerie.com\/index.php?rest_route=\/wp\/v2\/pages\/1340\/revisions"}],"predecessor-version":[{"id":2013,"href":"https:\/\/usedomgalerie.com\/index.php?rest_route=\/wp\/v2\/pages\/1340\/revisions\/2013"}],"wp:attachment":[{"href":"https:\/\/usedomgalerie.com\/index.php?rest_route=%2Fwp%2Fv2%2Fmedia&parent=1340"}],"curies":[{"name":"wp","href":"https:\/\/api.w.org\/{rel}","templated":true}]}}